{"id":6,"date":"2025-03-20T10:25:20","date_gmt":"2025-03-20T09:25:20","guid":{"rendered":"https:\/\/www.mfaktorhaz.com\/?page_id=6"},"modified":"2025-05-26T08:44:24","modified_gmt":"2025-05-26T06:44:24","slug":"fooldal","status":"publish","type":"page","link":"https:\/\/www.mfaktorhaz.com\/","title":{"rendered":"F\u0151oldal"},"content":{"rendered":"\n<div class=\"wp-block-cover alignfull wp-duotone-unset-1\" style=\"margin-top:0;padding-top:4vw;padding-right:4vw;padding-bottom:4vw;padding-left:4vw;min-height:50vh;aspect-ratio:unset;\"><img decoding=\"async\" class=\"wp-block-cover__image-background wp-image-43\" alt=\"\" src=\"https:\/\/everestwebdesign.hu\/mfaktorhaz\/wp-content\/uploads\/2025\/02\/hero.jpg\" style=\"object-position:45% 49%\" data-object-fit=\"cover\" data-object-position=\"45% 49%\"\/><span aria-hidden=\"true\" class=\"wp-block-cover__background has-background-dim-0 has-background-dim\"><\/span><div class=\"wp-block-cover__inner-container is-layout-flow wp-block-cover-is-layout-flow\">\n<div style=\"height:127px\" aria-hidden=\"true\" class=\"wp-block-spacer\"><\/div>\n\n\n\n<h1 class=\"wp-block-heading has-text-align-center\">M Faktorh\u00e1z Zrt.<\/h1>\n\n\n\n<div class=\"wp-block-group is-layout-flow wp-container-core-group-is-layout-d6743c7d wp-block-group-is-layout-flow\">\n<div style=\"height:48px\" aria-hidden=\"true\" class=\"wp-block-spacer\"><\/div>\n<\/div>\n\n\n\n<div class=\"wp-block-buttons is-content-justification-center is-layout-flex wp-container-core-buttons-is-layout-a89b3969 wp-block-buttons-is-layout-flex\">\n<div class=\"wp-block-button\"><a class=\"wp-block-button__link wp-element-button\" style=\"border-width:4px\">Kapcsolat<\/a><\/div>\n<\/div>\n\n\n\n<div style=\"height:127px\" aria-hidden=\"true\" class=\"wp-block-spacer\"><\/div>\n<\/div><\/div>\n\n\n\n<div style=\"height:100px\" aria-hidden=\"true\" class=\"wp-block-spacer\"><\/div>\n\n\n\n<div class=\"wp-block-columns are-vertically-aligned-center card has-text-muted-background-color has-background is-layout-flex wp-container-core-columns-is-layout-4ef2e4ef wp-block-columns-is-layout-flex\" id=\"about\" style=\"border-style:none;border-width:0px;border-radius:0rem;padding-top:var(--wp--preset--spacing--xxl);padding-bottom:var(--wp--preset--spacing--xxl);box-shadow:none\">\n<div class=\"wp-block-column is-vertically-aligned-center is-layout-flow wp-block-column-is-layout-flow\" style=\"flex-basis:40%\">\n<figure class=\"wp-block-image aligncenter size-full is-resized is-style-rounded picture\" style=\"margin-top:0;margin-right:0;margin-bottom:0;margin-left:500px\"><img decoding=\"async\" src=\"https:\/\/everestwebdesign.hu\/mfaktorhaz\/wp-content\/uploads\/2025\/02\/ceger.png\" alt=\"\" class=\"wp-image-54\" style=\"aspect-ratio:1;object-fit:cover;width:250px\"\/><\/figure>\n<\/div>\n\n\n\n<div class=\"wp-block-column is-vertically-aligned-center is-layout-flow wp-block-column-is-layout-flow\">\n<p class=\"has-text-primary-color has-text-color has-link-color wp-elements-c3720b84a625e0ae7540f1dd8addacf0\">T\u00e1rsas\u00e1gunk 2010. okt\u00f3ber 27-\u00e9n kezdte meg m\u0171k\u00f6d\u00e9s\u00e9t. C\u00e9g\u00fcnk hitel \u00e9s p\u00e9nzk\u00f6lcs\u00f6nny\u00fajt\u00e1shoz &#8211; kiz\u00e1r\u00f3lag gazd\u00e1lkod\u00f3 szervezetek sz\u00e1m\u00e1ra- , valamint k\u00f6vetel\u00e9sek v\u00e1s\u00e1rl\u00e1s\u00e1hoz (faktoring tev\u00e9kenys\u00e9g) rendelkezik enged\u00e9llyel.<\/p>\n\n\n\n<p><\/p>\n\n\n\n<p class=\"has-text-primary-color has-text-color has-link-color wp-elements-ac26c2be5778975a7c2db1fc0e194d9d\">Tev\u00e9kenys\u00e9g\u00fcnket sz\u00fcks\u00e9ges PSZ\u00c1F enged\u00e9ly birtok\u00e1ban, a vonatkoz\u00f3 jogszab\u00e1lyok betart\u00e1sa mellett v\u00e9gez\u00fcnk.<\/p>\n<\/div>\n<\/div>\n\n\n\n<div style=\"height:100px\" aria-hidden=\"true\" class=\"wp-block-spacer\"><\/div>\n\n\n\n<div class=\"wp-block-cover alignfull\" style=\"margin-top:0;padding-top:48px;padding-right:48px;padding-bottom:48px;padding-left:48px;min-height:66vh;aspect-ratio:unset;\" id=\"inform\"><img decoding=\"async\" class=\"wp-block-cover__image-background wp-image-56\" alt=\"\" src=\"https:\/\/everestwebdesign.hu\/mfaktorhaz\/wp-content\/uploads\/2025\/02\/cegadatok.jpg\" data-object-fit=\"cover\"\/><span aria-hidden=\"true\" class=\"wp-block-cover__background has-background-dim-30 has-background-dim\" style=\"background-color:#1a3966\"><\/span><div class=\"wp-block-cover__inner-container is-layout-flow wp-block-cover-is-layout-flow\">\n<div class=\"wp-block-group is-layout-flow wp-container-core-group-is-layout-feb24848 wp-block-group-is-layout-flow\">\n<h2 class=\"wp-block-heading has-text-align-center\">C\u00e9gadatok<\/h2>\n\n\n\n<div class=\"wp-block-columns alignfull is-layout-flex wp-container-core-columns-is-layout-28f84493 wp-block-columns-is-layout-flex\">\n<div class=\"wp-block-column has-global-padding is-layout-constrained wp-block-column-is-layout-constrained\" style=\"flex-basis:25%\"><\/div>\n\n\n\n<div class=\"wp-block-column is-vertically-aligned-stretch is-layout-flow wp-container-core-column-is-layout-ed9b32d5 wp-block-column-is-layout-flow\" style=\"border-style:none;border-width:0px;flex-basis:50%\">\n<div class=\"wp-block-group has-global-padding is-layout-constrained wp-block-group-is-layout-constrained\">\n<p style=\"line-height:2.2\">Elnevez\u00e9se: M Faktorh\u00e1z P\u00e9nz\u00fcgyi Szolg\u00e1ltat\u00f3 Z\u00e1rtk\u00f6r\u0171en M\u0171k\u00f6d\u0151 R\u00e9szv\u00e9nyt\u00e1rsas\u00e1g<\/p>\n\n\n\n<p style=\"line-height:2.2\">Sz\u00e9khelye: 1012 Budapest, Lovas \u00fat 6\/a<\/p>\n\n\n\n<p style=\"line-height:2.2\">C\u00e9gjegyz\u00e9ksz\u00e1m: 01 10 046895<\/p>\n\n\n\n<p style=\"line-height:2.2\">Nyilv\u00e1ntart\u00f3 hat\u00f3s\u00e1g: F\u0151v\u00e1rosi T\u00f6rv\u00e9nysz\u00e9k C\u00e9gb\u00edr\u00f3s\u00e1ga<\/p>\n\n\n\n<p style=\"line-height:2.2\">A c\u00e9g statisztikai sz\u00e1mjele: 23082438-6492-114-01<\/p>\n\n\n\n<p style=\"line-height:2.2\">A c\u00e9g ad\u00f3sz\u00e1ma: 23082438-2-41<\/p>\n\n\n\n<p style=\"line-height:2.2\">C\u00e9g jegyzett t\u0151k\u00e9je: 100 000 000 HUF<\/p>\n\n\n\n<p style=\"line-height:2.2\">Sz\u00e1mlavezet\u0151 p\u00e9nzint\u00e9zet: CIB Bank Zrt.<\/p>\n\n\n\n<p style=\"line-height:2.2\">Sz\u00e1mlasz\u00e1m: 10700024-22515904-51100005<\/p>\n\n\n\n<p style=\"line-height:2.2\">Tev\u00e9kenys\u00e9gi enged\u00e9ly: P\u00e9nz\u00fcgyi Szervezetek \u00c1llami Fel\u00fcgyelete (PSZ\u00c1F) 43244-17-2010. sz\u00e1m\u00fa hat\u00e1rozata<\/p>\n<\/div>\n\n\n\n<div style=\"height:44px\" aria-hidden=\"true\" class=\"wp-block-spacer\"><\/div>\n\n\n\n<div class=\"wp-block-group has-global-padding is-layout-constrained wp-block-group-is-layout-constrained\">\n<p><\/p>\n\n\n\n<p style=\"line-height:2.2\"><strong>El\u00e9rhet\u0151s\u00e9gek:<\/strong><\/p>\n\n\n\n<p style=\"line-height:2.2\">Sz\u00e9khely, levelez\u00e9si c\u00edm: 1012 Budapest, Lovas u. 6\/a<\/p>\n\n\n\n<p style=\"line-height:2.2\">Telephely: 1071 Budapest, D\u00f3zsa Gy\u00f6rgy \u00fat 68. 1. em 2. ajt\u00f3<\/p>\n\n\n\n<p style=\"line-height:2.2\">e-mail c\u00edm: merkantrade@merkantrade.hu<\/p>\n\n\n\n<p style=\"line-height:2.2\">Telefon: +361 212 1968<\/p>\n<\/div>\n<\/div>\n\n\n\n<div class=\"wp-block-column is-layout-flow wp-block-column-is-layout-flow\" style=\"flex-basis:25%\"><\/div>\n<\/div>\n<\/div>\n<\/div><\/div>\n\n\n\n<div style=\"background-image:url(&apos;https:\/\/everestwebdesign.hu\/mfaktorhaz\/wp-content\/uploads\/2025\/02\/contact.png&apos;);background-size:cover;\" class=\"wp-block-group alignfull has-global-padding is-layout-constrained wp-block-group-is-layout-constrained has-background\" id=\"kapcsolat\">\n<div style=\"height:100px\" aria-hidden=\"true\" class=\"wp-block-spacer\"><\/div>\n\n\n\n<h2 class=\"wp-block-heading has-text-align-center has-primary-color has-text-color has-link-color wp-elements-52f581f4dc44acbd5741de58cdd91a94\" id=\"contact\">Kapcsolat<\/h2>\n\n\n\n<p><\/p>\n\n\n\n<div class=\"wp-block-columns is-layout-flex wp-container-core-columns-is-layout-58136763 wp-block-columns-is-layout-flex\" style=\"margin-top:0;margin-bottom:0;padding-top:var(--wp--preset--spacing--xxxl);padding-bottom:var(--wp--preset--spacing--xxl)\">\n<div class=\"wp-block-column is-layout-flow wp-block-column-is-layout-flow\"><style id=\"wpforms-css-vars-27-block-ad720554-efa4-443e-a54d-b10334255b62\">\n\t\t\t\t#wpforms-27.wpforms-block-ad720554-efa4-443e-a54d-b10334255b62 {\n\t\t\t\t--wpforms-label-color: #FFFFFF;\n--wpforms-field-background-color: #FFFfFF;\n--wpforms-button-background-color: #2B6684;\n--wpforms-field-size-input-height: 43px;\n--wpforms-field-size-input-spacing: 15px;\n--wpforms-field-size-font-size: 16px;\n--wpforms-field-size-line-height: 19px;\n--wpforms-field-size-padding-h: 14px;\n--wpforms-field-size-checkbox-size: 16px;\n--wpforms-field-size-sublabel-spacing: 5px;\n--wpforms-field-size-icon-size: 1;\n--wpforms-label-size-font-size: 16px;\n--wpforms-label-size-line-height: 19px;\n--wpforms-label-size-sublabel-font-size: 14px;\n--wpforms-label-size-sublabel-line-height: 17px;\n--wpforms-button-size-font-size: 17px;\n--wpforms-button-size-height: 41px;\n--wpforms-button-size-padding-h: 15px;\n--wpforms-button-size-margin-top: 10px;\n\n\t\t\t}\n\t\t\t<\/style><div class=\"wpforms-container wpforms-container-full form wpforms-block wpforms-block-ad720554-efa4-443e-a54d-b10334255b62 wpforms-render-modern\" id=\"wpforms-27\"><form id=\"wpforms-form-27\" class=\"wpforms-validate wpforms-form wpforms-ajax-form\" data-formid=\"27\" method=\"post\" enctype=\"multipart\/form-data\" action=\"\/index.php?rest_route=%2Fwp%2Fv2%2Fpages%2F6\" data-token=\"88543dd856631fb0aea970c6e88fd8cd\" data-token-time=\"1778924831\"><noscript class=\"wpforms-error-noscript\">Please enable JavaScript in your browser to complete this form.<\/noscript><div class=\"wpforms-hidden\" id=\"wpforms-error-noscript\">Please enable JavaScript in your browser to complete this form.<\/div><div class=\"wpforms-field-container\"><div id=\"wpforms-27-field_1-container\" class=\"wpforms-field wpforms-field-name\" data-field-id=\"1\"><label class=\"wpforms-field-label\" for=\"wpforms-27-field_1\">N\u00e9v <span class=\"wpforms-required-label\" aria-hidden=\"true\">*<\/span><\/label><input type=\"text\" id=\"wpforms-27-field_1\" class=\"wpforms-field-medium wpforms-field-required\" name=\"wpforms[fields][1]\" aria-errormessage=\"wpforms-27-field_1-error\" required><\/div><div id=\"wpforms-27-field_2-container\" class=\"wpforms-field wpforms-field-email\" data-field-id=\"2\"><label class=\"wpforms-field-label\" for=\"wpforms-27-field_2\">E-mail c\u00edm <span class=\"wpforms-required-label\" aria-hidden=\"true\">*<\/span><\/label><input type=\"email\" id=\"wpforms-27-field_2\" class=\"wpforms-field-medium wpforms-field-required\" name=\"wpforms[fields][2]\" spellcheck=\"false\" aria-errormessage=\"wpforms-27-field_2-error\" required><\/div><div id=\"wpforms-27-field_3-container\" class=\"wpforms-field wpforms-field-textarea\" data-field-id=\"3\"><label class=\"wpforms-field-label\" for=\"wpforms-27-field_3\">\u00dczenet <span class=\"wpforms-required-label\" aria-hidden=\"true\">*<\/span><\/label><textarea id=\"wpforms-27-field_3\" class=\"wpforms-field-medium wpforms-field-required\" name=\"wpforms[fields][3]\" aria-errormessage=\"wpforms-27-field_3-error\" required><\/textarea><\/div><div id=\"wpforms-27-field_4-container\" class=\"wpforms-field wpforms-field-checkbox\" data-field-id=\"4\"><fieldset><legend class=\"wpforms-field-label\">GDPR <span class=\"wpforms-required-label\" aria-hidden=\"true\">*<\/span><\/legend><ul id=\"wpforms-27-field_4\" class=\"wpforms-field-required\"><li class=\"choice-1 depth-1\"><input type=\"checkbox\" id=\"wpforms-27-field_4_1\" name=\"wpforms[fields][4][]\" value=\"Elfogadom az Adatv\u00e9delmi T\u00e1j\u00e9koztat\u00f3ban foglaltakat\" aria-errormessage=\"wpforms-27-field_4_1-error\" required ><label class=\"wpforms-field-label-inline\" for=\"wpforms-27-field_4_1\">Elfogadom az Adatv\u00e9delmi T\u00e1j\u00e9koztat\u00f3ban foglaltakat<\/label><\/li><\/ul><\/fieldset><\/div><\/div><!-- .wpforms-field-container --><div class=\"wpforms-submit-container\" ><input type=\"hidden\" name=\"wpforms[id]\" value=\"27\"><input type=\"hidden\" name=\"page_title\" value=\"\"><input type=\"hidden\" name=\"page_url\" value=\"https:\/\/www.mfaktorhaz.com\/index.php?rest_route=\/wp\/v2\/pages\/6\"><input type=\"hidden\" name=\"url_referer\" value=\"\"><button type=\"submit\" name=\"wpforms[submit]\" id=\"wpforms-submit-27\" class=\"wpforms-submit\" data-alt-text=\"Folyamatban...\" data-submit-text=\"K\u00fcld\u00e9s\" aria-live=\"assertive\" value=\"wpforms-submit\">K\u00fcld\u00e9s<\/button><img loading=\"lazy\" decoding=\"async\" src=\"https:\/\/www.mfaktorhaz.com\/wp-content\/plugins\/wpforms-lite\/assets\/images\/submit-spin.svg\" class=\"wpforms-submit-spinner\" style=\"display: none;\" width=\"26\" height=\"26\" alt=\"Loading\"><\/div><\/form><\/div>  <!-- .wpforms-container -->\n\n\n<div class=\"wp-block-columns is-layout-flex wp-container-core-columns-is-layout-28f84493 wp-block-columns-is-layout-flex\">\n<div class=\"wp-block-column is-layout-flow wp-block-column-is-layout-flow\" style=\"flex-basis:66.66%\"><\/div>\n\n\n\n<div class=\"wp-block-column is-layout-flow wp-block-column-is-layout-flow\" style=\"flex-basis:33.33%\"><\/div>\n<\/div>\n<\/div>\n\n\n\n<div class=\"wp-block-column is-layout-flow wp-block-column-is-layout-flow\">\n<h2 class=\"wp-block-heading has-text-primary-color has-text-color has-link-color wp-elements-a13c3ed33a51db3a03536f382ffa2194\">Inform\u00e1ci\u00f3ra van sz\u00fcks\u00e9ge?<\/h2>\n\n\n\n<div style=\"height:20px\" aria-hidden=\"true\" class=\"wp-block-spacer\"><\/div>\n\n\n\n<p class=\"has-text-primary-color has-text-color has-link-color wp-elements-87e83a3807b73047bfd8303b0ccfbdd6\">Amennyiben k\u00e9rd\u00e9se van b\u00e1rmelyik szolg\u00e1ltat\u00e1sunkkal kapcsolatban, k\u00e9rlek vegye fel vel\u00fcnk a kapcsolatot valamelyik el\u00e9rhet\u0151s\u00e9geinken vagy t\u00f6ltse ki az al\u00e1bbi \u0171rlapot:<\/p>\n\n\n\n<div style=\"height:15px\" aria-hidden=\"true\" class=\"wp-block-spacer\"><\/div>\n\n\n\n<p class=\"has-text-primary-color has-text-color has-link-color wp-elements-8dbb1117e93a7b4a96826d4ba1a4dcfe\"><strong>Szem\u00e9lyes \u00fcgyf\u00e9lszolg\u00e1lat<\/strong><\/p>\n\n\n\n<p class=\"has-text-primary-color has-text-color has-link-color wp-elements-acee00077f638289736929e4f3de272a\">Telefonon t\u00f6rt\u00e9nt id\u0151pont egyeztet\u00e9st k\u00f6vet\u0151en v\u00e1rjuk:<br>1071 Budapest D\u00f3zsa Gy\u00f6rgy \u00fat 68.<br>H, K, SZ: 10-18.00<br>CS: 10-20.00<br>P: 10-16.00<\/p>\n\n\n\n<p><\/p>\n\n\n\n<div style=\"height:15px\" aria-hidden=\"true\" class=\"wp-block-spacer\"><\/div>\n\n\n\n<p class=\"has-text-primary-color has-text-color has-link-color wp-elements-5789b0dd1ca648ec57b0b62e46767de6\"><strong>Telefonos \u00fcgyf\u00e9lszolg\u00e1lat<\/strong><br>\u00dcgyf\u00e9lszolg\u00e1latunk az al\u00e1bbi telefonsz\u00e1mon v\u00e1rja h\u00edv\u00e1s\u00e1t:<\/p>\n\n\n\n<p class=\"has-text-primary-color has-text-color has-link-color wp-elements-3c621535aa32542757ee0410c43054e8\">K\u00f6vetel\u00e9sekkel kapcsolatos \u00fcgyekben:<br>+361 352 1727<br>+361 352 1788<\/p>\n\n\n\n<div style=\"height:15px\" aria-hidden=\"true\" class=\"wp-block-spacer\"><\/div>\n\n\n\n<p><\/p>\n\n\n\n<p class=\"has-text-primary-color has-text-color has-link-color wp-elements-92c6e307ac1376155761c5d237339f88\">Hitel \u00e9s p\u00e9nzk\u00f6lcs\u00f6n \u00fcgyletekkel kapcsolatos \u00fcgyekben:<br>+361 212 1968<\/p>\n<\/div>\n<\/div>\n\n\n\n<p class=\"has-small-font-size\"><strong>Panaszbejelent\u00e9s<\/strong><\/p>\n\n\n\n<p class=\"has-small-font-size\">Panasz\u00e1t irod\u00e1nkban erre rendszeres\u00edtett formanyomtatv\u00e1nyon, vagy az al\u00e1bbi mell\u00e9klet kit\u00f6lt\u00e9s\u00e9vel elektronikus \u00faton a&nbsp;<a href=\"mailto:drtj@smartfill.hu\" target=\"_blank\" rel=\"noreferrer noopener\">drtj@smartfill.hu<\/a>&nbsp;e-mail c\u00edmre sz\u00edveskedjen megk\u00fcldeni.&nbsp;A 2023. \u00e9vi XXV. t\u00f6rv\u00e9nyben el\u0151\u00edrt k\u00f6telezetts\u00e9g\u00fcnknek eleget t\u00e9ve vissza\u00e9l\u00e9s-bejelent\u00e9si rendszer\u00fcnket az al\u00e1bbiak szerint m\u0171k\u00f6dtetj\u00fck. Vissza\u00e9l\u00e9s-bejelent\u00e9si rendszer\u00fcnk k\u00fcls\u0151 felel\u0151se: Smartfill Legal Kft. Sz\u00f3beli bejelent\u00e9st a +36 30 211 7908 telefonsz\u00e1mon tehet munkanapokon 14:00\u201316:00 k\u00f6z\u00f6tt, illetve szem\u00e9lyesen az 1013 Budapest, Attila \u00fat 109. sz\u00e1m alatt, el\u0151zetes bejelentkez\u00e9s alapj\u00e1n.<\/p>\n\n\n\n<div style=\"height:50px\" aria-hidden=\"true\" class=\"wp-block-spacer\"><\/div>\n<\/div>\n\n\n\n<p><\/p>\n","protected":false},"excerpt":{"rendered":"<p>T\u00e1rsas\u00e1gunk 2010. okt\u00f3ber 27-\u00e9n kezdte meg m\u0171k\u00f6d\u00e9s\u00e9t. C\u00e9g\u00fcnk hitel \u00e9s p\u00e9nzk\u00f6lcs\u00f6nny\u00fajt\u00e1shoz &#8211; kiz\u00e1r\u00f3lag gazd\u00e1lkod\u00f3 szervezetek sz\u00e1m\u00e1ra- , valamint k\u00f6vetel\u00e9sek v\u00e1s\u00e1rl\u00e1s\u00e1hoz (faktoring tev\u00e9kenys\u00e9g) rendelkezik enged\u00e9llyel. Tev\u00e9kenys\u00e9g\u00fcnket sz\u00fcks\u00e9ges PSZ\u00c1F enged\u00e9ly birtok\u00e1ban, a vonatkoz\u00f3 jogszab\u00e1lyok betart\u00e1sa mellett v\u00e9gez\u00fcnk. Kapcsolat Inform\u00e1ci\u00f3ra van sz\u00fcks\u00e9ge? Amennyiben k\u00e9rd\u00e9se van b\u00e1rmelyik szolg\u00e1ltat\u00e1sunkkal kapcsolatban, k\u00e9rlek vegye fel vel\u00fcnk a kapcsolatot valamelyik el\u00e9rhet\u0151s\u00e9geinken vagy t\u00f6ltse [&hellip;]<\/p>\n","protected":false},"author":1,"featured_media":0,"parent":0,"menu_order":0,"comment_status":"closed","ping_status":"closed","template":"page-no-title","meta":{"footnotes":""},"class_list":["post-6","page","type-page","status-publish","hentry"],"_links":{"self":[{"href":"https:\/\/www.mfaktorhaz.com\/index.php?rest_route=\/wp\/v2\/pages\/6","targetHints":{"allow":["GET"]}}],"collection":[{"href":"https:\/\/www.mfaktorhaz.com\/index.php?rest_route=\/wp\/v2\/pages"}],"about":[{"href":"https:\/\/www.mfaktorhaz.com\/index.php?rest_route=\/wp\/v2\/types\/page"}],"author":[{"embeddable":true,"href":"https:\/\/www.mfaktorhaz.com\/index.php?rest_route=\/wp\/v2\/users\/1"}],"replies":[{"embeddable":true,"href":"https:\/\/www.mfaktorhaz.com\/index.php?rest_route=%2Fwp%2Fv2%2Fcomments&post=6"}],"version-history":[{"count":8,"href":"https:\/\/www.mfaktorhaz.com\/index.php?rest_route=\/wp\/v2\/pages\/6\/revisions"}],"predecessor-version":[{"id":76,"href":"https:\/\/www.mfaktorhaz.com\/index.php?rest_route=\/wp\/v2\/pages\/6\/revisions\/76"}],"wp:attachment":[{"href":"https:\/\/www.mfaktorhaz.com\/index.php?rest_route=%2Fwp%2Fv2%2Fmedia&parent=6"}],"curies":[{"name":"wp","href":"https:\/\/api.w.org\/{rel}","templated":true}]}}