{"id":51,"date":"2025-04-14T14:40:54","date_gmt":"2025-04-14T12:40:54","guid":{"rendered":"https:\/\/www.mfaktorhaz.com\/?page_id=51"},"modified":"2025-04-14T14:40:54","modified_gmt":"2025-04-14T12:40:54","slug":"impresszum","status":"publish","type":"page","link":"https:\/\/www.mfaktorhaz.com\/?page_id=51","title":{"rendered":"Impresszum"},"content":{"rendered":"\n<h2 class=\"wp-block-heading\"><strong>Weboldal \u00fczemeltet\u0151i<\/strong><\/h2>\n\n\n\n<p><strong>Impresszum<\/strong><\/p>\n\n\n\n<figure class=\"wp-block-table\"><table class=\"has-fixed-layout\"><tbody><tr><td colspan=\"2\"><br><strong>&nbsp;ADATKEZEL\u0150 ADATAI<\/strong><\/td><\/tr><tr><td>N\u00e9v:\u00a0<br>Sz\u00e9khely:<br>Kapcsolati adatok:<br>C\u00e9gjegyz\u00e9ksz\u00e1m:<br>Ad\u00f3sz\u00e1m:<br>Nyilv\u00e1ntart\u00e1sba v\u00e9telt elrendel\u0151 hat\u00f3s\u00e1g<\/td><td><strong>M Faktorh\u00e1z Zrt.<\/strong><br><strong>1012 Budapest, Lovas utca 6. A. \u00e9p.\u00a0<\/strong><br><strong>merkantrade@merkantrade.hu<\/strong><br><strong>01-10-046895<\/strong><br><strong>23082438-2-41<\/strong><br><strong>F\u0151v\u00e1rosi T\u00f6rv\u00e9nysz\u00e9k C\u00e9gb\u00edr\u00f3s\u00e1ga<\/strong><\/td><\/tr><\/tbody><\/table><\/figure>\n\n\n\n<p><\/p>\n","protected":false},"excerpt":{"rendered":"<p>Weboldal \u00fczemeltet\u0151i Impresszum &nbsp;ADATKEZEL\u0150 ADATAI N\u00e9v:\u00a0Sz\u00e9khely:Kapcsolati adatok:C\u00e9gjegyz\u00e9ksz\u00e1m:Ad\u00f3sz\u00e1m:Nyilv\u00e1ntart\u00e1sba v\u00e9telt elrendel\u0151 hat\u00f3s\u00e1g M Faktorh\u00e1z Zrt.1012 Budapest, Lovas utca 6. A. \u00e9p.\u00a0merkantrade@merkantrade.hu01-10-04689523082438-2-41F\u0151v\u00e1rosi T\u00f6rv\u00e9nysz\u00e9k C\u00e9gb\u00edr\u00f3s\u00e1ga<\/p>\n","protected":false},"author":1,"featured_media":0,"parent":0,"menu_order":0,"comment_status":"closed","ping_status":"closed","template":"","meta":{"footnotes":""},"class_list":["post-51","page","type-page","status-publish","hentry"],"_links":{"self":[{"href":"https:\/\/www.mfaktorhaz.com\/index.php?rest_route=\/wp\/v2\/pages\/51","targetHints":{"allow":["GET"]}}],"collection":[{"href":"https:\/\/www.mfaktorhaz.com\/index.php?rest_route=\/wp\/v2\/pages"}],"about":[{"href":"https:\/\/www.mfaktorhaz.com\/index.php?rest_route=\/wp\/v2\/types\/page"}],"author":[{"embeddable":true,"href":"https:\/\/www.mfaktorhaz.com\/index.php?rest_route=\/wp\/v2\/users\/1"}],"replies":[{"embeddable":true,"href":"https:\/\/www.mfaktorhaz.com\/index.php?rest_route=%2Fwp%2Fv2%2Fcomments&post=51"}],"version-history":[{"count":2,"href":"https:\/\/www.mfaktorhaz.com\/index.php?rest_route=\/wp\/v2\/pages\/51\/revisions"}],"predecessor-version":[{"id":53,"href":"https:\/\/www.mfaktorhaz.com\/index.php?rest_route=\/wp\/v2\/pages\/51\/revisions\/53"}],"wp:attachment":[{"href":"https:\/\/www.mfaktorhaz.com\/index.php?rest_route=%2Fwp%2Fv2%2Fmedia&parent=51"}],"curies":[{"name":"wp","href":"https:\/\/api.w.org\/{rel}","templated":true}]}}